{"id":2231,"date":"2024-07-03T14:30:41","date_gmt":"2024-07-03T14:30:41","guid":{"rendered":"https:\/\/mrboxtea.com\/?page_id=2231"},"modified":"2024-07-03T15:50:56","modified_gmt":"2024-07-03T15:50:56","slug":"impressum","status":"publish","type":"page","link":"https:\/\/mrboxtea.com\/de\/impressum\/","title":{"rendered":"Impressum"},"content":{"rendered":"<div data-elementor-type=\"wp-page\" data-elementor-id=\"2231\" class=\"elementor elementor-2231\">\n\t\t\t\t<div class=\"elementor-element elementor-element-1b0d6ef e-flex e-con-boxed e-con e-parent\" data-id=\"1b0d6ef\" data-element_type=\"container\" data-e-type=\"container\">\n\t\t\t\t\t<div class=\"e-con-inner\">\n\t\t\t\t\t<\/div>\n\t\t\t\t<\/div>\n\t\t<div class=\"elementor-element elementor-element-2a88eb0 e-grid e-con-boxed e-con e-parent\" data-id=\"2a88eb0\" data-element_type=\"container\" data-e-type=\"container\">\n\t\t\t\t\t<div class=\"e-con-inner\">\n\t\t\t\t\t<\/div>\n\t\t\t\t<\/div>\n\t\t<div class=\"elementor-element elementor-element-2f8bfc2 e-flex e-con-boxed e-con e-parent\" data-id=\"2f8bfc2\" data-element_type=\"container\" data-e-type=\"container\">\n\t\t\t\t\t<div class=\"e-con-inner\">\n\t\t\t\t\t<\/div>\n\t\t\t\t<\/div>\n\t\t<div class=\"elementor-element elementor-element-61295f4 e-flex e-con-boxed e-con e-parent\" data-id=\"61295f4\" data-element_type=\"container\" data-e-type=\"container\">\n\t\t\t\t\t<div class=\"e-con-inner\">\n\t\t\t\t\t<\/div>\n\t\t\t\t<\/div>\n\t\t<div class=\"elementor-element elementor-element-5705f9e e-flex e-con-boxed e-con e-parent\" data-id=\"5705f9e\" data-element_type=\"container\" data-e-type=\"container\">\n\t\t\t\t\t<div class=\"e-con-inner\">\n\t\t\t\t<div class=\"elementor-element elementor-element-27d30f9 elementor-widget elementor-widget-heading\" data-id=\"27d30f9\" data-element_type=\"widget\" data-e-type=\"widget\" data-widget_type=\"heading.default\">\n\t\t\t\t<div class=\"elementor-widget-container\">\n\t\t\t\t\t<h2 class=\"elementor-heading-title elementor-size-default\">Impressum<\/h2>\t\t\t\t<\/div>\n\t\t\t\t<\/div>\n\t\t\t\t\t<\/div>\n\t\t\t\t<\/div>\n\t\t<div class=\"elementor-element elementor-element-f834096 e-flex e-con-boxed e-con e-parent\" data-id=\"f834096\" data-element_type=\"container\" data-e-type=\"container\">\n\t\t\t\t\t<div class=\"e-con-inner\">\n\t\t\t\t<div class=\"elementor-element elementor-element-08cb014 elementor-widget elementor-widget-text-editor\" data-id=\"08cb014\" data-element_type=\"widget\" data-e-type=\"widget\" data-widget_type=\"text-editor.default\">\n\t\t\t\t<div class=\"elementor-widget-container\">\n\t\t\t\t\t\t\t\t\t<p>Angaben gem\u00e4\u00df \u00a7 5 TMG:<\/p>\n<p>Firma:<br>InJuly GmbH<\/p>\n<p>Vertreten durch:<br>Gesch\u00e4ftsf\u00fchrer: Han Zhang<\/p>\n<p>Adresse:<br>Tauentzienstra\u00dfe. 9-12, 10789 Berlin<br>Europa Center, Erdgeschoss an der Wasseruhr<\/p>\n<p>Kontakt:<br>E-Mail: info@mrboxtea.com<\/p>\n<p>Registereintrag:<br>Eintragung im Handelsregister.<br>Registergericht: Amtsgericht Charlottenburg (Berlin)<br>Registernummer: HRB 199524 B<\/p>\n<p>Umsatzsteuer:<br>Umsatzsteuer-Identifikationsnummer gem\u00e4\u00df \u00a727 a Umsatzsteuergesetz:&nbsp; DE326871436<\/p>\n<p>Verantwortlich f\u00fcr den Inhalt nach \u00a7 55 Abs. 2 RStV:<br>Han Zhang<br>Tauentzienstra\u00dfe. 9-12<br>10789 Berlin<br>Deutschland<\/p>\n<p>Streitbeilegung<br>Die Europ\u00e4ische Kommission stellt eine Plattform zur Online-Streitbeilegung (OS) bereit: https:\/\/ec.europa.eu\/consumers\/odr<br>Unsere E-Mail-Adresse finden Sie oben im Impressum.<\/p>\n<p>Wir sind nicht bereit oder verpflichtet, an Streitbeilegungsverfahren vor einer Verbraucherschlichtungsstelle teilzunehmen.<\/p>\t\t\t\t\t\t\t\t<\/div>\n\t\t\t\t<\/div>\n\t\t\t\t\t<\/div>\n\t\t\t\t<\/div>\n\t\t\t\t<\/div>","protected":false},"excerpt":{"rendered":"<p>Impressum Angaben gem\u00e4\u00df \u00a7 5 TMG: Firma:InJuly GmbH Vertreten durch:Gesch\u00e4ftsf\u00fchrer: Han Zhang Adresse:Tauentzienstra\u00dfe. 9-12, 10789 BerlinEuropa Center, Erdgeschoss an der Wasseruhr Kontakt:E-Mail: info@mrboxtea.com Registereintrag:Eintragung im Handelsregister.Registergericht: Amtsgericht Charlottenburg (Berlin)Registernummer: HRB [&hellip;]<\/p>\n","protected":false},"author":1,"featured_media":0,"parent":0,"menu_order":0,"comment_status":"closed","ping_status":"closed","template":"","meta":{"site-sidebar-layout":"no-sidebar","site-content-layout":"page-builder","ast-site-content-layout":"full-width-container","site-content-style":"default","site-sidebar-style":"default","ast-global-header-display":"","ast-banner-title-visibility":"","ast-main-header-display":"","ast-hfb-above-header-display":"","ast-hfb-below-header-display":"","ast-hfb-mobile-header-display":"","site-post-title":"disabled","ast-breadcrumbs-content":"","ast-featured-img":"disabled","footer-sml-layout":"","ast-disable-related-posts":"","theme-transparent-header-meta":"","adv-header-id-meta":"","stick-header-meta":"","header-above-stick-meta":"","header-main-stick-meta":"","header-below-stick-meta":"","astra-migrate-meta-layouts":"set","ast-page-background-enabled":"default","ast-page-background-meta":{"desktop":{"background-color":"","background-image":"","background-repeat":"repeat","background-position":"center center","background-size":"auto","background-attachment":"scroll","background-type":"","background-media":"","overlay-type":"","overlay-color":"","overlay-opacity":"","overlay-gradient":""},"tablet":{"background-color":"","background-image":"","background-repeat":"repeat","background-position":"center center","background-size":"auto","background-attachment":"scroll","background-type":"","background-media":"","overlay-type":"","overlay-color":"","overlay-opacity":"","overlay-gradient":""},"mobile":{"background-color":"","background-image":"","background-repeat":"repeat","background-position":"center center","background-size":"auto","background-attachment":"scroll","background-type":"","background-media":"","overlay-type":"","overlay-color":"","overlay-opacity":"","overlay-gradient":""}},"ast-content-background-meta":{"desktop":{"background-color":"var(--ast-global-color-5)","background-image":"","background-repeat":"repeat","background-position":"center center","background-size":"auto","background-attachment":"scroll","background-type":"","background-media":"","overlay-type":"","overlay-color":"","overlay-opacity":"","overlay-gradient":""},"tablet":{"background-color":"var(--ast-global-color-5)","background-image":"","background-repeat":"repeat","background-position":"center center","background-size":"auto","background-attachment":"scroll","background-type":"","background-media":"","overlay-type":"","overlay-color":"","overlay-opacity":"","overlay-gradient":""},"mobile":{"background-color":"var(--ast-global-color-5)","background-image":"","background-repeat":"repeat","background-position":"center center","background-size":"auto","background-attachment":"scroll","background-type":"","background-media":"","overlay-type":"","overlay-color":"","overlay-opacity":"","overlay-gradient":""}},"footnotes":""},"class_list":["post-2231","page","type-page","status-publish","hentry"],"yoast_head":"<!-- This site is optimized with the Yoast SEO plugin v27.4 - https:\/\/yoast.com\/product\/yoast-seo-wordpress\/ -->\n<title>Impressum -<\/title>\n<meta name=\"robots\" content=\"index, follow, max-snippet:-1, max-image-preview:large, max-video-preview:-1\" \/>\n<link rel=\"canonical\" href=\"https:\/\/mrboxtea.com\/de\/impressum\/\" \/>\n<meta property=\"og:locale\" content=\"de_DE\" \/>\n<meta property=\"og:type\" content=\"article\" \/>\n<meta property=\"og:title\" content=\"Impressum -\" \/>\n<meta property=\"og:description\" content=\"Impressum Angaben gem\u00e4\u00df \u00a7 5 TMG: Firma:InJuly GmbH Vertreten durch:Gesch\u00e4ftsf\u00fchrer: Han Zhang Adresse:Tauentzienstra\u00dfe. 9-12, 10789 BerlinEuropa Center, Erdgeschoss an der Wasseruhr Kontakt:E-Mail: info@mrboxtea.com Registereintrag:Eintragung im Handelsregister.Registergericht: Amtsgericht Charlottenburg (Berlin)Registernummer: HRB [&hellip;]\" \/>\n<meta property=\"og:url\" content=\"https:\/\/mrboxtea.com\/de\/impressum\/\" \/>\n<meta property=\"article:modified_time\" content=\"2024-07-03T15:50:56+00:00\" \/>\n<meta name=\"twitter:card\" content=\"summary_large_image\" \/>\n<meta name=\"twitter:label1\" content=\"Gesch\u00e4tzte Lesezeit\" \/>\n\t<meta name=\"twitter:data1\" content=\"1\u00a0Minute\" \/>\n<script type=\"application\/ld+json\" class=\"yoast-schema-graph\">{\"@context\":\"https:\\\/\\\/schema.org\",\"@graph\":[{\"@type\":\"WebPage\",\"@id\":\"https:\\\/\\\/mrboxtea.com\\\/de\\\/impressum\\\/\",\"url\":\"https:\\\/\\\/mrboxtea.com\\\/de\\\/impressum\\\/\",\"name\":\"Impressum -\",\"isPartOf\":{\"@id\":\"https:\\\/\\\/mrboxtea.com\\\/en\\\/#website\"},\"datePublished\":\"2024-07-03T14:30:41+00:00\",\"dateModified\":\"2024-07-03T15:50:56+00:00\",\"breadcrumb\":{\"@id\":\"https:\\\/\\\/mrboxtea.com\\\/de\\\/impressum\\\/#breadcrumb\"},\"inLanguage\":\"de\",\"potentialAction\":[{\"@type\":\"ReadAction\",\"target\":[\"https:\\\/\\\/mrboxtea.com\\\/de\\\/impressum\\\/\"]}]},{\"@type\":\"BreadcrumbList\",\"@id\":\"https:\\\/\\\/mrboxtea.com\\\/de\\\/impressum\\\/#breadcrumb\",\"itemListElement\":[{\"@type\":\"ListItem\",\"position\":1,\"name\":\"Home\",\"item\":\"https:\\\/\\\/mrboxtea.com\\\/en\\\/\"},{\"@type\":\"ListItem\",\"position\":2,\"name\":\"Impressum\"}]},{\"@type\":\"WebSite\",\"@id\":\"https:\\\/\\\/mrboxtea.com\\\/en\\\/#website\",\"url\":\"https:\\\/\\\/mrboxtea.com\\\/en\\\/\",\"name\":\"\",\"description\":\"\",\"potentialAction\":[{\"@type\":\"SearchAction\",\"target\":{\"@type\":\"EntryPoint\",\"urlTemplate\":\"https:\\\/\\\/mrboxtea.com\\\/en\\\/?s={search_term_string}\"},\"query-input\":{\"@type\":\"PropertyValueSpecification\",\"valueRequired\":true,\"valueName\":\"search_term_string\"}}],\"inLanguage\":\"de\"}]}<\/script>\n<!-- \/ Yoast SEO plugin. -->","yoast_head_json":{"title":"Impressum -","robots":{"index":"index","follow":"follow","max-snippet":"max-snippet:-1","max-image-preview":"max-image-preview:large","max-video-preview":"max-video-preview:-1"},"canonical":"https:\/\/mrboxtea.com\/de\/impressum\/","og_locale":"de_DE","og_type":"article","og_title":"Impressum -","og_description":"Impressum Angaben gem\u00e4\u00df \u00a7 5 TMG: Firma:InJuly GmbH Vertreten durch:Gesch\u00e4ftsf\u00fchrer: Han Zhang Adresse:Tauentzienstra\u00dfe. 9-12, 10789 BerlinEuropa Center, Erdgeschoss an der Wasseruhr Kontakt:E-Mail: info@mrboxtea.com Registereintrag:Eintragung im Handelsregister.Registergericht: Amtsgericht Charlottenburg (Berlin)Registernummer: HRB [&hellip;]","og_url":"https:\/\/mrboxtea.com\/de\/impressum\/","article_modified_time":"2024-07-03T15:50:56+00:00","twitter_card":"summary_large_image","twitter_misc":{"Gesch\u00e4tzte Lesezeit":"1\u00a0Minute"},"schema":{"@context":"https:\/\/schema.org","@graph":[{"@type":"WebPage","@id":"https:\/\/mrboxtea.com\/de\/impressum\/","url":"https:\/\/mrboxtea.com\/de\/impressum\/","name":"Impressum -","isPartOf":{"@id":"https:\/\/mrboxtea.com\/en\/#website"},"datePublished":"2024-07-03T14:30:41+00:00","dateModified":"2024-07-03T15:50:56+00:00","breadcrumb":{"@id":"https:\/\/mrboxtea.com\/de\/impressum\/#breadcrumb"},"inLanguage":"de","potentialAction":[{"@type":"ReadAction","target":["https:\/\/mrboxtea.com\/de\/impressum\/"]}]},{"@type":"BreadcrumbList","@id":"https:\/\/mrboxtea.com\/de\/impressum\/#breadcrumb","itemListElement":[{"@type":"ListItem","position":1,"name":"Home","item":"https:\/\/mrboxtea.com\/en\/"},{"@type":"ListItem","position":2,"name":"Impressum"}]},{"@type":"WebSite","@id":"https:\/\/mrboxtea.com\/en\/#website","url":"https:\/\/mrboxtea.com\/en\/","name":"","description":"","potentialAction":[{"@type":"SearchAction","target":{"@type":"EntryPoint","urlTemplate":"https:\/\/mrboxtea.com\/en\/?s={search_term_string}"},"query-input":{"@type":"PropertyValueSpecification","valueRequired":true,"valueName":"search_term_string"}}],"inLanguage":"de"}]}},"_links":{"self":[{"href":"https:\/\/mrboxtea.com\/de\/wp-json\/wp\/v2\/pages\/2231","targetHints":{"allow":["GET"]}}],"collection":[{"href":"https:\/\/mrboxtea.com\/de\/wp-json\/wp\/v2\/pages"}],"about":[{"href":"https:\/\/mrboxtea.com\/de\/wp-json\/wp\/v2\/types\/page"}],"author":[{"embeddable":true,"href":"https:\/\/mrboxtea.com\/de\/wp-json\/wp\/v2\/users\/1"}],"replies":[{"embeddable":true,"href":"https:\/\/mrboxtea.com\/de\/wp-json\/wp\/v2\/comments?post=2231"}],"version-history":[{"count":20,"href":"https:\/\/mrboxtea.com\/de\/wp-json\/wp\/v2\/pages\/2231\/revisions"}],"predecessor-version":[{"id":2268,"href":"https:\/\/mrboxtea.com\/de\/wp-json\/wp\/v2\/pages\/2231\/revisions\/2268"}],"wp:attachment":[{"href":"https:\/\/mrboxtea.com\/de\/wp-json\/wp\/v2\/media?parent=2231"}],"curies":[{"name":"wp","href":"https:\/\/api.w.org\/{rel}","templated":true}]}}