{"id":142,"date":"2020-07-16T05:53:20","date_gmt":"2020-07-16T05:53:20","guid":{"rendered":"https:\/\/mrboxtea.com\/testimonial\/"},"modified":"2023-12-23T22:27:13","modified_gmt":"2023-12-23T22:27:13","slug":"franchise","status":"publish","type":"page","link":"https:\/\/mrboxtea.com\/de\/franchise\/","title":{"rendered":"Franchise"},"content":{"rendered":"<div data-elementor-type=\"wp-page\" data-elementor-id=\"142\" class=\"elementor elementor-142\">\n\t\t\t\t<div class=\"elementor-element elementor-element-c95fb90 e-flex e-con-boxed e-con e-parent\" data-id=\"c95fb90\" data-element_type=\"container\" data-e-type=\"container\" data-settings=\"{&quot;background_background&quot;:&quot;classic&quot;}\">\n\t\t\t\t\t<div class=\"e-con-inner\">\n\t\t<div class=\"elementor-element elementor-element-a4ade44 e-con-full e-flex e-con e-child\" data-id=\"a4ade44\" data-element_type=\"container\" data-e-type=\"container\">\n\t\t\t\t<div class=\"elementor-element elementor-element-4f9e7e4 elementor-widget elementor-widget-heading\" data-id=\"4f9e7e4\" data-element_type=\"widget\" data-e-type=\"widget\" data-widget_type=\"heading.default\">\n\t\t\t\t<div class=\"elementor-widget-container\">\n\t\t\t\t\t<h1 class=\"elementor-heading-title elementor-size-default\">Franchise<\/h1>\t\t\t\t<\/div>\n\t\t\t\t<\/div>\n\t\t\t\t<div class=\"elementor-element elementor-element-5869cf6 elementor-widget__width-initial elementor-widget elementor-widget-text-editor\" data-id=\"5869cf6\" data-element_type=\"widget\" data-e-type=\"widget\" data-widget_type=\"text-editor.default\">\n\t\t\t\t<div class=\"elementor-widget-container\">\n\t\t\t\t\t\t\t\t\t<p>Entdecken Sie die Kunst der Teemischungen - Schlie\u00dfen Sie sich der Mr. Box Revolution an!<\/p>\t\t\t\t\t\t\t\t<\/div>\n\t\t\t\t<\/div>\n\t\t\t\t<\/div>\n\t\t\t\t\t<\/div>\n\t\t\t\t<\/div>\n\t\t<div class=\"elementor-element elementor-element-c17dcdf e-flex e-con-boxed e-con e-parent\" data-id=\"c17dcdf\" data-element_type=\"container\" data-e-type=\"container\">\n\t\t\t\t\t<div class=\"e-con-inner\">\n\t\t<div class=\"elementor-element elementor-element-6abc8a8 e-con-full e-flex e-con e-child\" data-id=\"6abc8a8\" data-element_type=\"container\" data-e-type=\"container\">\n\t\t<div class=\"elementor-element elementor-element-fced1d0 e-con-full e-flex e-con e-child\" data-id=\"fced1d0\" data-element_type=\"container\" data-e-type=\"container\">\n\t\t\t\t<div class=\"elementor-element elementor-element-b710ca7 elementor-widget elementor-widget-heading\" data-id=\"b710ca7\" data-element_type=\"widget\" data-e-type=\"widget\" data-widget_type=\"heading.default\">\n\t\t\t\t<div class=\"elementor-widget-container\">\n\t\t\t\t\t<h2 class=\"elementor-heading-title elementor-size-default\">PARTNERSCHAFTSFORMEN<\/h2>\t\t\t\t<\/div>\n\t\t\t\t<\/div>\n\t\t\t\t<div class=\"elementor-element elementor-element-78256b0 elementor-widget elementor-widget-text-editor\" data-id=\"78256b0\" data-element_type=\"widget\" data-e-type=\"widget\" data-widget_type=\"text-editor.default\">\n\t\t\t\t<div class=\"elementor-widget-container\">\n\t\t\t\t\t\t\t\t\t<p>Mr.Box Tea wurde 2018 von der InJuly GmbH gegr\u00fcndet und hat seinen Hauptstandort im Herzen von Europa etabliert. Von Mr. Box Tea als Einzelunternehmer im Gr\u00fcnderteam gegr\u00fcndet, haben das einzigartige Becherdesign und der k\u00f6stliche Geschmack viele Berliner und Touristen, insbesondere junge Menschen, angezogen. Das Interesse an Mr. Box Tea geht \u00fcber Deutschland hinaus, und Partner in verschiedenen europ\u00e4ischen L\u00e4ndern und Regionen sind begierig darauf, sich der Marke anzuschlie\u00dfen. Sie haben erfolgreich Filialen in mehreren St\u00e4dten er\u00f6ffnet, darunter Duisburg, Stuttgart und M\u00fcnchen in Deutschland. Neben Deutschland hat Mr. Box Tea seine Pr\u00e4senz auch auf Spanien, Portugal und \u00d6sterreich ausgeweitet.<\/p>\t\t\t\t\t\t\t\t<\/div>\n\t\t\t\t<\/div>\n\t\t\t\t<\/div>\n\t\t<div class=\"elementor-element elementor-element-0088d3d e-con-full e-flex e-con e-child\" data-id=\"0088d3d\" data-element_type=\"container\" data-e-type=\"container\">\n\t\t\t\t<div class=\"elementor-element elementor-element-fdcfe47 elementor-widget elementor-widget-heading\" data-id=\"fdcfe47\" data-element_type=\"widget\" data-e-type=\"widget\" data-widget_type=\"heading.default\">\n\t\t\t\t<div class=\"elementor-widget-container\">\n\t\t\t\t\t<h2 class=\"elementor-heading-title elementor-size-xl\">LADEN-TYPEN<\/h2>\t\t\t\t<\/div>\n\t\t\t\t<\/div>\n\t\t\t\t<div class=\"elementor-element elementor-element-10b261d elementor-widget elementor-widget-text-editor\" data-id=\"10b261d\" data-element_type=\"widget\" data-e-type=\"widget\" data-widget_type=\"text-editor.default\">\n\t\t\t\t<div class=\"elementor-widget-container\">\n\t\t\t\t\t\t\t\t\t<p>Hauptladen in Berlin<\/p>\t\t\t\t\t\t\t\t<\/div>\n\t\t\t\t<\/div>\n\t\t\t\t<div class=\"elementor-element elementor-element-8fb7acc elementor-widget elementor-widget-image\" data-id=\"8fb7acc\" data-element_type=\"widget\" data-e-type=\"widget\" data-widget_type=\"image.default\">\n\t\t\t\t<div class=\"elementor-widget-container\">\n\t\t\t\t\t\t\t\t\t\t\t\t\t\t\t<img fetchpriority=\"high\" decoding=\"async\" width=\"1024\" height=\"576\" src=\"https:\/\/mrboxtea.com\/wp-content\/uploads\/2023\/12\/\u5fae\u4fe1\u56fe\u7247_20231223224557-1024x576.jpg\" class=\"attachment-large size-large wp-image-2167\" alt=\"\" srcset=\"https:\/\/mrboxtea.com\/wp-content\/uploads\/2023\/12\/\u5fae\u4fe1\u56fe\u7247_20231223224557-1024x576.jpg 1024w, https:\/\/mrboxtea.com\/wp-content\/uploads\/2023\/12\/\u5fae\u4fe1\u56fe\u7247_20231223224557-300x169.jpg 300w, https:\/\/mrboxtea.com\/wp-content\/uploads\/2023\/12\/\u5fae\u4fe1\u56fe\u7247_20231223224557-768x432.jpg 768w, https:\/\/mrboxtea.com\/wp-content\/uploads\/2023\/12\/\u5fae\u4fe1\u56fe\u7247_20231223224557-1536x864.jpg 1536w, https:\/\/mrboxtea.com\/wp-content\/uploads\/2023\/12\/\u5fae\u4fe1\u56fe\u7247_20231223224557-2048x1152.jpg 2048w, https:\/\/mrboxtea.com\/wp-content\/uploads\/2023\/12\/\u5fae\u4fe1\u56fe\u7247_20231223224557-18x10.jpg 18w\" sizes=\"(max-width: 1024px) 100vw, 1024px\" \/>\t\t\t\t\t\t\t\t\t\t\t\t\t\t\t<\/div>\n\t\t\t\t<\/div>\n\t\t\t\t<div class=\"elementor-element elementor-element-ce7cd92 elementor-widget elementor-widget-text-editor\" data-id=\"ce7cd92\" data-element_type=\"widget\" data-e-type=\"widget\" data-widget_type=\"text-editor.default\">\n\t\t\t\t<div class=\"elementor-widget-container\">\n\t\t\t\t\t\t\t\t\t<p>Filialen in Europa<\/p>\t\t\t\t\t\t\t\t<\/div>\n\t\t\t\t<\/div>\n\t\t\t\t<div class=\"elementor-element elementor-element-4d2f952 elementor-widget elementor-widget-image\" data-id=\"4d2f952\" data-element_type=\"widget\" data-e-type=\"widget\" data-widget_type=\"image.default\">\n\t\t\t\t<div class=\"elementor-widget-container\">\n\t\t\t\t\t\t\t\t\t\t\t\t\t\t\t<img decoding=\"async\" width=\"1024\" height=\"505\" src=\"https:\/\/mrboxtea.com\/wp-content\/uploads\/2023\/12\/\u5fae\u4fe1\u56fe\u7247_20231220232205-1024x505.png\" class=\"attachment-large size-large wp-image-1995\" alt=\"\" srcset=\"https:\/\/mrboxtea.com\/wp-content\/uploads\/2023\/12\/\u5fae\u4fe1\u56fe\u7247_20231220232205-1024x505.png 1024w, https:\/\/mrboxtea.com\/wp-content\/uploads\/2023\/12\/\u5fae\u4fe1\u56fe\u7247_20231220232205-300x148.png 300w, https:\/\/mrboxtea.com\/wp-content\/uploads\/2023\/12\/\u5fae\u4fe1\u56fe\u7247_20231220232205-768x379.png 768w, https:\/\/mrboxtea.com\/wp-content\/uploads\/2023\/12\/\u5fae\u4fe1\u56fe\u7247_20231220232205.png 1152w\" sizes=\"(max-width: 1024px) 100vw, 1024px\" \/>\t\t\t\t\t\t\t\t\t\t\t\t\t\t\t<\/div>\n\t\t\t\t<\/div>\n\t\t\t\t<\/div>\n\t\t\t\t<\/div>\n\t\t<div class=\"elementor-element elementor-element-488388c e-con-full e-flex e-con e-child\" data-id=\"488388c\" data-element_type=\"container\" data-e-type=\"container\">\n\t\t\t\t<div class=\"elementor-element elementor-element-d136bb0 elementor-widget elementor-widget-image\" data-id=\"d136bb0\" data-element_type=\"widget\" data-e-type=\"widget\" data-widget_type=\"image.default\">\n\t\t\t\t<div class=\"elementor-widget-container\">\n\t\t\t\t\t\t\t\t\t\t\t\t\t\t\t<img decoding=\"async\" width=\"1024\" height=\"567\" src=\"https:\/\/mrboxtea.com\/wp-content\/uploads\/2023\/12\/\u5fae\u4fe1\u56fe\u7247_20231220232152-1024x567.png\" class=\"attachment-large size-large wp-image-1993\" alt=\"\" srcset=\"https:\/\/mrboxtea.com\/wp-content\/uploads\/2023\/12\/\u5fae\u4fe1\u56fe\u7247_20231220232152-1024x567.png 1024w, https:\/\/mrboxtea.com\/wp-content\/uploads\/2023\/12\/\u5fae\u4fe1\u56fe\u7247_20231220232152-300x166.png 300w, https:\/\/mrboxtea.com\/wp-content\/uploads\/2023\/12\/\u5fae\u4fe1\u56fe\u7247_20231220232152-768x425.png 768w, https:\/\/mrboxtea.com\/wp-content\/uploads\/2023\/12\/\u5fae\u4fe1\u56fe\u7247_20231220232152.png 1187w\" sizes=\"(max-width: 1024px) 100vw, 1024px\" \/>\t\t\t\t\t\t\t\t\t\t\t\t\t\t\t<\/div>\n\t\t\t\t<\/div>\n\t\t\t\t<div class=\"elementor-element elementor-element-0a2f18e elementor-widget elementor-widget-heading\" data-id=\"0a2f18e\" data-element_type=\"widget\" data-e-type=\"widget\" data-widget_type=\"heading.default\">\n\t\t\t\t<div class=\"elementor-widget-container\">\n\t\t\t\t\t<h3 class=\"elementor-heading-title elementor-size-default\">Kontakt<\/h3>\t\t\t\t<\/div>\n\t\t\t\t<\/div>\n\t\t\t\t<div class=\"elementor-element elementor-element-890d246 elementor-widget elementor-widget-heading\" data-id=\"890d246\" data-element_type=\"widget\" data-e-type=\"widget\" data-widget_type=\"heading.default\">\n\t\t\t\t<div class=\"elementor-widget-container\">\n\t\t\t\t\t<h5 class=\"elementor-heading-title elementor-size-default\"><a href=\"https:\/\/mrboxtea.com\/de\/contact\/\" style=\"font-size: 16px;, sans-serif;font-weight: 400;text-align: center\">info@mrboxtea.com<\/a><\/h5>\t\t\t\t<\/div>\n\t\t\t\t<\/div>\n\t\t\t\t<div class=\"elementor-element elementor-element-71b6b10 elementor-widget elementor-widget-text-editor\" data-id=\"71b6b10\" data-element_type=\"widget\" data-e-type=\"widget\" data-widget_type=\"text-editor.default\">\n\t\t\t\t<div class=\"elementor-widget-container\">\n\t\t\t\t\t\t\t\t\t<p>Wir begr\u00fc\u00dfen Ihre Anfragen und freuen uns, von Ihnen zu h\u00f6ren!<\/p>\t\t\t\t\t\t\t\t<\/div>\n\t\t\t\t<\/div>\n\t\t\t\t<\/div>\n\t\t\t\t\t<\/div>\n\t\t\t\t<\/div>\n\t\t<div class=\"elementor-element elementor-element-520d8ce e-flex e-con-boxed e-con e-parent\" data-id=\"520d8ce\" data-element_type=\"container\" data-e-type=\"container\">\n\t\t\t\t\t<div class=\"e-con-inner\">\n\t\t\t\t\t<\/div>\n\t\t\t\t<\/div>\n\t\t<div class=\"elementor-element elementor-element-ac7d369 e-flex e-con-boxed e-con e-parent\" data-id=\"ac7d369\" data-element_type=\"container\" data-e-type=\"container\">\n\t\t\t\t\t<div class=\"e-con-inner\">\n\t\t\t\t\t<\/div>\n\t\t\t\t<\/div>\n\t\t\t\t<\/div>","protected":false},"excerpt":{"rendered":"<p>Franchise Discover the Art of Tea Blends \u2013 Join the Mr. Box Revolution! PARTNERSHIP MODES Mr.Box Tea was founded by the InJuly GmbH in 2018, with its main location established [&hellip;]<\/p>\n","protected":false},"author":1,"featured_media":0,"parent":0,"menu_order":0,"comment_status":"closed","ping_status":"closed","template":"","meta":{"site-sidebar-layout":"no-sidebar","site-content-layout":"page-builder","ast-site-content-layout":"default","site-content-style":"default","site-sidebar-style":"default","ast-global-header-display":"","ast-banner-title-visibility":"","ast-main-header-display":"","ast-hfb-above-header-display":"","ast-hfb-below-header-display":"","ast-hfb-mobile-header-display":"","site-post-title":"disabled","ast-breadcrumbs-content":"","ast-featured-img":"disabled","footer-sml-layout":"","ast-disable-related-posts":"","theme-transparent-header-meta":"enabled","adv-header-id-meta":"","stick-header-meta":"","header-above-stick-meta":"","header-main-stick-meta":"","header-below-stick-meta":"","astra-migrate-meta-layouts":"default","ast-page-background-enabled":"default","ast-page-background-meta":{"desktop":{"background-color":"","background-image":"","background-repeat":"repeat","background-position":"center center","background-size":"auto","background-attachment":"scroll","background-type":"","background-media":"","overlay-type":"","overlay-color":"","overlay-opacity":"","overlay-gradient":""},"tablet":{"background-color":"","background-image":"","background-repeat":"repeat","background-position":"center center","background-size":"auto","background-attachment":"scroll","background-type":"","background-media":"","overlay-type":"","overlay-color":"","overlay-opacity":"","overlay-gradient":""},"mobile":{"background-color":"","background-image":"","background-repeat":"repeat","background-position":"center center","background-size":"auto","background-attachment":"scroll","background-type":"","background-media":"","overlay-type":"","overlay-color":"","overlay-opacity":"","overlay-gradient":""}},"ast-content-background-meta":{"desktop":{"background-color":"var(--ast-global-color-5)","background-image":"","background-repeat":"repeat","background-position":"center center","background-size":"auto","background-attachment":"scroll","background-type":"","background-media":"","overlay-type":"","overlay-color":"","overlay-opacity":"","overlay-gradient":""},"tablet":{"background-color":"var(--ast-global-color-5)","background-image":"","background-repeat":"repeat","background-position":"center center","background-size":"auto","background-attachment":"scroll","background-type":"","background-media":"","overlay-type":"","overlay-color":"","overlay-opacity":"","overlay-gradient":""},"mobile":{"background-color":"var(--ast-global-color-5)","background-image":"","background-repeat":"repeat","background-position":"center center","background-size":"auto","background-attachment":"scroll","background-type":"","background-media":"","overlay-type":"","overlay-color":"","overlay-opacity":"","overlay-gradient":""}},"footnotes":""},"class_list":["post-142","page","type-page","status-publish","hentry"],"yoast_head":"<!-- This site is optimized with the Yoast SEO plugin v27.4 - https:\/\/yoast.com\/product\/yoast-seo-wordpress\/ -->\n<title>Franchise -<\/title>\n<meta name=\"robots\" content=\"index, follow, max-snippet:-1, max-image-preview:large, max-video-preview:-1\" \/>\n<link rel=\"canonical\" href=\"https:\/\/mrboxtea.com\/de\/franchise\/\" \/>\n<meta property=\"og:locale\" content=\"de_DE\" \/>\n<meta property=\"og:type\" content=\"article\" \/>\n<meta property=\"og:title\" content=\"Franchise -\" \/>\n<meta property=\"og:description\" content=\"Franchise Discover the Art of Tea Blends \u2013 Join the Mr. Box Revolution! PARTNERSHIP MODES Mr.Box Tea was founded by the InJuly GmbH in 2018, with its main location established [&hellip;]\" \/>\n<meta property=\"og:url\" content=\"https:\/\/mrboxtea.com\/de\/franchise\/\" \/>\n<meta property=\"article:modified_time\" content=\"2023-12-23T22:27:13+00:00\" \/>\n<meta name=\"twitter:card\" content=\"summary_large_image\" \/>\n<meta name=\"twitter:label1\" content=\"Gesch\u00e4tzte Lesezeit\" \/>\n\t<meta name=\"twitter:data1\" content=\"2\u00a0Minuten\" \/>\n<script type=\"application\/ld+json\" class=\"yoast-schema-graph\">{\"@context\":\"https:\\\/\\\/schema.org\",\"@graph\":[{\"@type\":\"WebPage\",\"@id\":\"https:\\\/\\\/mrboxtea.com\\\/en\\\/franchise\\\/\",\"url\":\"https:\\\/\\\/mrboxtea.com\\\/en\\\/franchise\\\/\",\"name\":\"Franchise -\",\"isPartOf\":{\"@id\":\"https:\\\/\\\/mrboxtea.com\\\/en\\\/#website\"},\"datePublished\":\"2020-07-16T05:53:20+00:00\",\"dateModified\":\"2023-12-23T22:27:13+00:00\",\"breadcrumb\":{\"@id\":\"https:\\\/\\\/mrboxtea.com\\\/en\\\/franchise\\\/#breadcrumb\"},\"inLanguage\":\"de\",\"potentialAction\":[{\"@type\":\"ReadAction\",\"target\":[\"https:\\\/\\\/mrboxtea.com\\\/en\\\/franchise\\\/\"]}]},{\"@type\":\"BreadcrumbList\",\"@id\":\"https:\\\/\\\/mrboxtea.com\\\/en\\\/franchise\\\/#breadcrumb\",\"itemListElement\":[{\"@type\":\"ListItem\",\"position\":1,\"name\":\"Home\",\"item\":\"https:\\\/\\\/mrboxtea.com\\\/en\\\/\"},{\"@type\":\"ListItem\",\"position\":2,\"name\":\"Franchise\"}]},{\"@type\":\"WebSite\",\"@id\":\"https:\\\/\\\/mrboxtea.com\\\/en\\\/#website\",\"url\":\"https:\\\/\\\/mrboxtea.com\\\/en\\\/\",\"name\":\"\",\"description\":\"\",\"potentialAction\":[{\"@type\":\"SearchAction\",\"target\":{\"@type\":\"EntryPoint\",\"urlTemplate\":\"https:\\\/\\\/mrboxtea.com\\\/en\\\/?s={search_term_string}\"},\"query-input\":{\"@type\":\"PropertyValueSpecification\",\"valueRequired\":true,\"valueName\":\"search_term_string\"}}],\"inLanguage\":\"de\"}]}<\/script>\n<!-- \/ Yoast SEO plugin. -->","yoast_head_json":{"title":"Franchise -","robots":{"index":"index","follow":"follow","max-snippet":"max-snippet:-1","max-image-preview":"max-image-preview:large","max-video-preview":"max-video-preview:-1"},"canonical":"https:\/\/mrboxtea.com\/de\/franchise\/","og_locale":"de_DE","og_type":"article","og_title":"Franchise -","og_description":"Franchise Discover the Art of Tea Blends \u2013 Join the Mr. Box Revolution! PARTNERSHIP MODES Mr.Box Tea was founded by the InJuly GmbH in 2018, with its main location established [&hellip;]","og_url":"https:\/\/mrboxtea.com\/de\/franchise\/","article_modified_time":"2023-12-23T22:27:13+00:00","twitter_card":"summary_large_image","twitter_misc":{"Gesch\u00e4tzte Lesezeit":"2\u00a0Minuten"},"schema":{"@context":"https:\/\/schema.org","@graph":[{"@type":"WebPage","@id":"https:\/\/mrboxtea.com\/en\/franchise\/","url":"https:\/\/mrboxtea.com\/en\/franchise\/","name":"Franchise -","isPartOf":{"@id":"https:\/\/mrboxtea.com\/en\/#website"},"datePublished":"2020-07-16T05:53:20+00:00","dateModified":"2023-12-23T22:27:13+00:00","breadcrumb":{"@id":"https:\/\/mrboxtea.com\/en\/franchise\/#breadcrumb"},"inLanguage":"de","potentialAction":[{"@type":"ReadAction","target":["https:\/\/mrboxtea.com\/en\/franchise\/"]}]},{"@type":"BreadcrumbList","@id":"https:\/\/mrboxtea.com\/en\/franchise\/#breadcrumb","itemListElement":[{"@type":"ListItem","position":1,"name":"Home","item":"https:\/\/mrboxtea.com\/en\/"},{"@type":"ListItem","position":2,"name":"Franchise"}]},{"@type":"WebSite","@id":"https:\/\/mrboxtea.com\/en\/#website","url":"https:\/\/mrboxtea.com\/en\/","name":"","description":"","potentialAction":[{"@type":"SearchAction","target":{"@type":"EntryPoint","urlTemplate":"https:\/\/mrboxtea.com\/en\/?s={search_term_string}"},"query-input":{"@type":"PropertyValueSpecification","valueRequired":true,"valueName":"search_term_string"}}],"inLanguage":"de"}]}},"_links":{"self":[{"href":"https:\/\/mrboxtea.com\/de\/wp-json\/wp\/v2\/pages\/142","targetHints":{"allow":["GET"]}}],"collection":[{"href":"https:\/\/mrboxtea.com\/de\/wp-json\/wp\/v2\/pages"}],"about":[{"href":"https:\/\/mrboxtea.com\/de\/wp-json\/wp\/v2\/types\/page"}],"author":[{"embeddable":true,"href":"https:\/\/mrboxtea.com\/de\/wp-json\/wp\/v2\/users\/1"}],"replies":[{"embeddable":true,"href":"https:\/\/mrboxtea.com\/de\/wp-json\/wp\/v2\/comments?post=142"}],"version-history":[{"count":70,"href":"https:\/\/mrboxtea.com\/de\/wp-json\/wp\/v2\/pages\/142\/revisions"}],"predecessor-version":[{"id":2204,"href":"https:\/\/mrboxtea.com\/de\/wp-json\/wp\/v2\/pages\/142\/revisions\/2204"}],"wp:attachment":[{"href":"https:\/\/mrboxtea.com\/de\/wp-json\/wp\/v2\/media?parent=142"}],"curies":[{"name":"wp","href":"https:\/\/api.w.org\/{rel}","templated":true}]}}